{"id":25,"date":"2022-11-21T22:23:43","date_gmt":"2022-11-21T22:23:43","guid":{"rendered":"https:\/\/hosting.bluegrow.es\/servicios\/"},"modified":"2025-12-09T11:05:29","modified_gmt":"2025-12-09T11:05:29","slug":"servicios","status":"publish","type":"page","link":"https:\/\/ndquiromasajista.com\/en\/servicios\/","title":{"rendered":"Servicios"},"content":{"rendered":"<h1>Servicios Personalizados de Quiromasaje para tu Bienestar<\/h1>\n<h2>Servicios de Quiromasaje para una Recuperaci\u00f3n \u00d3ptima<\/h2>\n<p><img fetchpriority=\"high\" decoding=\"async\" src=\"https:\/\/ndquiromasajista.com\/wp-content\/uploads\/2024\/10\/Icon-1.png\" sizes=\"(max-width: 500px) 100vw, 500px\" srcset=\"https:\/\/ndquiromasajista.com\/wp-content\/uploads\/2024\/10\/Icon-1.png 500w, https:\/\/ndquiromasajista.com\/wp-content\/uploads\/2024\/10\/Icon-1-300x300.png 300w, https:\/\/ndquiromasajista.com\/wp-content\/uploads\/2024\/10\/Icon-1-150x150.png 150w, https:\/\/ndquiromasajista.com\/wp-content\/uploads\/2024\/10\/Icon-1-12x12.png 12w\" alt=\"\" width=\"500\" height=\"500\" title=\"\"><\/p>\n<h3>MASAJE DESCONTRACTURANTE<\/h3>\n<h4>30min\/45min\/60min<\/h4>\n<p>El objetivo principal de este masaje es relajar los m\u00fasculos tensos, aliviar el dolor y mejorar la circulaci\u00f3n sangu\u00ednea en las \u00e1reas afectadas. Especialmente indicado para personas que sufren de dolor cr\u00f3nico, tensi\u00f3n acumulada por estr\u00e9s o que realizan actividades f\u00edsicas intensas.<\/p>\n<p><img decoding=\"async\" src=\"https:\/\/ndquiromasajista.com\/wp-content\/uploads\/2024\/10\/Icon-2.png\" sizes=\"(max-width: 500px) 100vw, 500px\" srcset=\"https:\/\/ndquiromasajista.com\/wp-content\/uploads\/2024\/10\/Icon-2.png 500w, https:\/\/ndquiromasajista.com\/wp-content\/uploads\/2024\/10\/Icon-2-300x300.png 300w, https:\/\/ndquiromasajista.com\/wp-content\/uploads\/2024\/10\/Icon-2-150x150.png 150w, https:\/\/ndquiromasajista.com\/wp-content\/uploads\/2024\/10\/Icon-2-12x12.png 12w\" alt=\"\" width=\"500\" height=\"500\" title=\"\"><\/p>\n<h3>MASAJE RELAJANTE<\/h3>\n<h4>30min\/60min\/90min<\/h4>\n<p>El objetivo principal es relajar los m\u00fasculos y calmar la mente, promoviendo un estado de tranquilidad y descanso. Este tipo de masaje es ideal para quienes buscan desconectarse de la rutina diaria y aliviar la tensi\u00f3n causada por el estr\u00e9s.<br \/>\n<img decoding=\"async\" src=\"https:\/\/ndquiromasajista.com\/wp-content\/uploads\/2024\/10\/Icon-3.png\" sizes=\"(max-width: 500px) 100vw, 500px\" srcset=\"https:\/\/ndquiromasajista.com\/wp-content\/uploads\/2024\/10\/Icon-3.png 500w, https:\/\/ndquiromasajista.com\/wp-content\/uploads\/2024\/10\/Icon-3-300x300.png 300w, https:\/\/ndquiromasajista.com\/wp-content\/uploads\/2024\/10\/Icon-3-150x150.png 150w, https:\/\/ndquiromasajista.com\/wp-content\/uploads\/2024\/10\/Icon-3-12x12.png 12w\" alt=\"\" width=\"500\" height=\"500\" title=\"\"><\/p>\n<h3>PIERNAS CANSADAS<\/h3>\n<h4>35-45 minutos<\/h4>\n<p>Disfruta de nuestro Masaje Revitalizador con Esencia de Romero, un tratamiento de 15 minutos para refrescar y aliviar tus piernas cansadas. Combina t\u00e9cnicas de masaje con esencia de romero para mejorar la circulaci\u00f3n y aliviar tensiones, seguido de 20 minutos de vendas fr\u00edas para reducir la inflamaci\u00f3n. Tus piernas quedar\u00e1n ligeras, frescas y renovadas.<br \/>\n<img loading=\"lazy\" decoding=\"async\" src=\"https:\/\/ndquiromasajista.com\/wp-content\/uploads\/2024\/10\/Icon-4.png\" sizes=\"(max-width: 500px) 100vw, 500px\" srcset=\"https:\/\/ndquiromasajista.com\/wp-content\/uploads\/2024\/10\/Icon-4.png 500w, https:\/\/ndquiromasajista.com\/wp-content\/uploads\/2024\/10\/Icon-4-300x300.png 300w, https:\/\/ndquiromasajista.com\/wp-content\/uploads\/2024\/10\/Icon-4-150x150.png 150w, https:\/\/ndquiromasajista.com\/wp-content\/uploads\/2024\/10\/Icon-4-12x12.png 12w\" alt=\"\" width=\"500\" height=\"500\" title=\"\"><\/p>\n<h3>MASAJE DEL GUANCHE<\/h3>\n<h4>60-90 minutos<\/h4>\n<p>Este masaje est\u00e1 dise\u00f1ado para luchadores de lucha canaria, enfoc\u00e1ndose en preparar el cuerpo para la competici\u00f3n y prevenir lesiones. Utiliza t\u00e9cnicas espec\u00edficas y estiramientos para trabajar m\u00fasculos clave como piernas, gl\u00fateos y espalda, adem\u00e1s de movimientos de percusi\u00f3n y drenaje linf\u00e1tico para revitalizar y reducir la inflamaci\u00f3n. Ideal para mejorar el rendimiento y aliviar tensiones, \u00a1perfecto para maximizar tu potencial deportivo!<\/p>\n<p><img decoding=\"async\" src=\"https:\/\/ndquiromasajista.com\/wp-content\/uploads\/2024\/10\/Icon-2.png\" sizes=\"(max-width: 500px) 100vw, 500px\" srcset=\"https:\/\/ndquiromasajista.com\/wp-content\/uploads\/2024\/10\/Icon-2.png 500w, https:\/\/ndquiromasajista.com\/wp-content\/uploads\/2024\/10\/Icon-2-300x300.png 300w, https:\/\/ndquiromasajista.com\/wp-content\/uploads\/2024\/10\/Icon-2-150x150.png 150w, https:\/\/ndquiromasajista.com\/wp-content\/uploads\/2024\/10\/Icon-2-12x12.png 12w\" alt=\"\" width=\"500\" height=\"500\" title=\"\"><\/p>\n<h3>VENDAS FR\u00cdAS<\/h3>\n<h4>BRAZOS\/ PIERNAS \/ PIERNAS Y ABDOMEN<\/h4>\n<p>Las vendas fr\u00edas son un tipo de vendaje terap\u00e9utico dise\u00f1ado para aplicar fr\u00edo y compresi\u00f3n a una zona espec\u00edfica del cuerpo, como los brazos, piernas, abdomen u otras \u00e1reas afectadas por lesiones, inflamaci\u00f3n o dolor. Estas vendas suelen estar impregnadas con una soluci\u00f3n fr\u00eda o son enfriadas antes de su aplicaci\u00f3n para proporcionar un efecto analg\u00e9sico y antiinflamatorio.<br \/>\n<img loading=\"lazy\" decoding=\"async\" src=\"https:\/\/ndquiromasajista.com\/wp-content\/uploads\/2024\/10\/Icon-4.png\" sizes=\"(max-width: 500px) 100vw, 500px\" srcset=\"https:\/\/ndquiromasajista.com\/wp-content\/uploads\/2024\/10\/Icon-4.png 500w, https:\/\/ndquiromasajista.com\/wp-content\/uploads\/2024\/10\/Icon-4-300x300.png 300w, https:\/\/ndquiromasajista.com\/wp-content\/uploads\/2024\/10\/Icon-4-150x150.png 150w, https:\/\/ndquiromasajista.com\/wp-content\/uploads\/2024\/10\/Icon-4-12x12.png 12w\" alt=\"\" width=\"500\" height=\"500\" title=\"\"><\/p>\n<h3>MASAJE DEPORTIVO<\/h3>\n<p>El masaje deportivo est\u00e1 enfocado en optimizar el rendimiento f\u00edsico, aliviar tensiones y acelerar la recuperaci\u00f3n muscular de atletas y personas activas. Mediante t\u00e9cnicas espec\u00edficas, ayuda a prevenir lesiones y trata zonas afectadas por el esfuerzo f\u00edsico. \u00a1Perfecto para mantener el cuerpo en su mejor forma!<br \/>\n<img decoding=\"async\" src=\"https:\/\/ndquiromasajista.com\/wp-content\/uploads\/2024\/10\/Icon-3.png\" sizes=\"(max-width: 500px) 100vw, 500px\" srcset=\"https:\/\/ndquiromasajista.com\/wp-content\/uploads\/2024\/10\/Icon-3.png 500w, https:\/\/ndquiromasajista.com\/wp-content\/uploads\/2024\/10\/Icon-3-300x300.png 300w, https:\/\/ndquiromasajista.com\/wp-content\/uploads\/2024\/10\/Icon-3-150x150.png 150w, https:\/\/ndquiromasajista.com\/wp-content\/uploads\/2024\/10\/Icon-3-12x12.png 12w\" alt=\"\" width=\"500\" height=\"500\" title=\"\"><\/p>\n<h3>MASAJE DEPORTIVO PIERNAS PREMIUM<\/h3>\n<h4>40 MINUTOS<\/h4>\n<p>Este masaje con jab\u00f3n de glicerina ofrece una recuperaci\u00f3n profunda para atletas, aliviando tensiones y mejorando la circulaci\u00f3n. La sesi\u00f3n de 20 minutos por pierna combina fricci\u00f3n, amasamiento, compresi\u00f3n y estiramientos para optimizar el rendimiento y acelerar la recuperaci\u00f3n. \u00a1Ideal para mantener tus piernas en su mejor forma!<\/p>\n<p><img decoding=\"async\" src=\"https:\/\/ndquiromasajista.com\/wp-content\/uploads\/2024\/10\/Icon-3.png\" sizes=\"(max-width: 500px) 100vw, 500px\" srcset=\"https:\/\/ndquiromasajista.com\/wp-content\/uploads\/2024\/10\/Icon-3.png 500w, https:\/\/ndquiromasajista.com\/wp-content\/uploads\/2024\/10\/Icon-3-300x300.png 300w, https:\/\/ndquiromasajista.com\/wp-content\/uploads\/2024\/10\/Icon-3-150x150.png 150w, https:\/\/ndquiromasajista.com\/wp-content\/uploads\/2024\/10\/Icon-3-12x12.png 12w\" alt=\"\" width=\"500\" height=\"500\" title=\"\"><\/p>\n<h3>PRESOTERAPIA (SOLO PIERNAS)<\/h3>\n<h4>SESIONES: 1, 3 O 6<\/h4>\n<p>Este tratamiento mejora el flujo sangu\u00edneo y linf\u00e1tico en las piernas, ayudando a eliminar toxinas y l\u00edquidos retenidos. Ideal para quienes buscan reducir celulitis, mejorar la circulaci\u00f3n y disminuir la hinchaz\u00f3n en las piernas.<br \/>\n<img fetchpriority=\"high\" decoding=\"async\" src=\"https:\/\/ndquiromasajista.com\/wp-content\/uploads\/2024\/10\/Icon-1.png\" sizes=\"(max-width: 500px) 100vw, 500px\" srcset=\"https:\/\/ndquiromasajista.com\/wp-content\/uploads\/2024\/10\/Icon-1.png 500w, https:\/\/ndquiromasajista.com\/wp-content\/uploads\/2024\/10\/Icon-1-300x300.png 300w, https:\/\/ndquiromasajista.com\/wp-content\/uploads\/2024\/10\/Icon-1-150x150.png 150w, https:\/\/ndquiromasajista.com\/wp-content\/uploads\/2024\/10\/Icon-1-12x12.png 12w\" alt=\"\" width=\"500\" height=\"500\" title=\"\"><\/p>\n<h3>CYRIAX (FRICCI\u00d3N TRANSVERSA PROFUNDA)<\/h3>\n<p>Esta t\u00e9cnica de fricci\u00f3n profunda est\u00e1 dise\u00f1ada para romper adherencias en m\u00fasculos, tendones y ligamentos, mejorando la movilidad y aliviando el dolor. Perfecta para condiciones como tendinitis y contracturas, acelerando la recuperaci\u00f3n y restaurando la funci\u00f3n muscular.<br \/>\n<img decoding=\"async\" src=\"https:\/\/ndquiromasajista.com\/wp-content\/uploads\/2024\/10\/Icon-3.png\" sizes=\"(max-width: 500px) 100vw, 500px\" srcset=\"https:\/\/ndquiromasajista.com\/wp-content\/uploads\/2024\/10\/Icon-3.png 500w, https:\/\/ndquiromasajista.com\/wp-content\/uploads\/2024\/10\/Icon-3-300x300.png 300w, https:\/\/ndquiromasajista.com\/wp-content\/uploads\/2024\/10\/Icon-3-150x150.png 150w, https:\/\/ndquiromasajista.com\/wp-content\/uploads\/2024\/10\/Icon-3-12x12.png 12w\" alt=\"\" width=\"500\" height=\"500\" title=\"\"><\/p>\n<h3>CERO GRADOS<\/h3>\n<h4>30 MINUTOS<\/h4>\n<p>Experimenta el Masaje con Hielo y Aceites Esenciales, un tratamiento innovador de 30 minutos que combina la eficacia del hielo con el poder de los aceites esenciales.<\/p>\n<p><img decoding=\"async\" src=\"https:\/\/ndquiromasajista.com\/wp-content\/uploads\/2024\/10\/Icon-3.png\" sizes=\"(max-width: 500px) 100vw, 500px\" srcset=\"https:\/\/ndquiromasajista.com\/wp-content\/uploads\/2024\/10\/Icon-3.png 500w, https:\/\/ndquiromasajista.com\/wp-content\/uploads\/2024\/10\/Icon-3-300x300.png 300w, https:\/\/ndquiromasajista.com\/wp-content\/uploads\/2024\/10\/Icon-3-150x150.png 150w, https:\/\/ndquiromasajista.com\/wp-content\/uploads\/2024\/10\/Icon-3-12x12.png 12w\" alt=\"\" width=\"500\" height=\"500\" title=\"\"><\/p>\n<h3>MADEROTERAPIA<\/h3>\n<h4>60 MINUTOS<\/h4>\n<p>Descubre esta t\u00e9cnica innovadora en la que trabajaremos zonas espec\u00edficas como piernas, gl\u00fateos o abdomen, ayudando a estimular la circulaci\u00f3n, reducir celulitis y tonificar la piel. Moldearemos tu figura de forma efectiva y relajante.<\/p>","protected":false},"excerpt":{"rendered":"<p>Servicios Personalizados de Quiromasaje para tu Bienestar Servicios de Quiromasaje para una Recuperaci\u00f3n \u00d3ptima MASAJE DESCONTRACTURANTE 30min\/45min\/60min El objetivo principal de este masaje es relajar los m\u00fasculos tensos, aliviar el dolor y mejorar la circulaci\u00f3n sangu\u00ednea en las \u00e1reas afectadas. Especialmente indicado para personas que sufren de dolor cr\u00f3nico, tensi\u00f3n acumulada por estr\u00e9s o que [&hellip;]<\/p>\n","protected":false},"author":2,"featured_media":0,"parent":0,"menu_order":4,"comment_status":"closed","ping_status":"closed","template":"","meta":{"footnotes":""},"class_list":["post-25","page","type-page","status-publish","hentry"],"_links":{"self":[{"href":"https:\/\/ndquiromasajista.com\/en\/wp-json\/wp\/v2\/pages\/25","targetHints":{"allow":["GET"]}}],"collection":[{"href":"https:\/\/ndquiromasajista.com\/en\/wp-json\/wp\/v2\/pages"}],"about":[{"href":"https:\/\/ndquiromasajista.com\/en\/wp-json\/wp\/v2\/types\/page"}],"author":[{"embeddable":true,"href":"https:\/\/ndquiromasajista.com\/en\/wp-json\/wp\/v2\/users\/2"}],"replies":[{"embeddable":true,"href":"https:\/\/ndquiromasajista.com\/en\/wp-json\/wp\/v2\/comments?post=25"}],"version-history":[{"count":4,"href":"https:\/\/ndquiromasajista.com\/en\/wp-json\/wp\/v2\/pages\/25\/revisions"}],"predecessor-version":[{"id":967,"href":"https:\/\/ndquiromasajista.com\/en\/wp-json\/wp\/v2\/pages\/25\/revisions\/967"}],"wp:attachment":[{"href":"https:\/\/ndquiromasajista.com\/en\/wp-json\/wp\/v2\/media?parent=25"}],"curies":[{"name":"wp","href":"https:\/\/api.w.org\/{rel}","templated":true}]}}