{"id":421,"date":"2024-09-02T19:32:48","date_gmt":"2024-09-02T18:32:48","guid":{"rendered":"https:\/\/ndquiromasajista.com\/?page_id=421"},"modified":"2024-11-04T09:43:38","modified_gmt":"2024-11-04T09:43:38","slug":"privacidad","status":"publish","type":"page","link":"https:\/\/ndquiromasajista.com\/en\/privacidad\/","title":{"rendered":"Privacidad"},"content":{"rendered":"<div data-elementor-type=\"wp-page\" data-elementor-id=\"421\" class=\"elementor elementor-421\" data-elementor-post-type=\"page\">\n\t\t\t\t<div class=\"elementor-element elementor-element-3de0a333 e-flex e-con-boxed e-con e-parent\" data-id=\"3de0a333\" data-element_type=\"container\" data-e-type=\"container\" data-settings=\"{&quot;background_background&quot;:&quot;classic&quot;}\">\n\t\t\t\t\t<div class=\"e-con-inner\">\n\t\t\t\t<div class=\"elementor-element elementor-element-3cb76a02 elementor-widget__width-initial elementor-widget elementor-widget-heading\" data-id=\"3cb76a02\" data-element_type=\"widget\" data-e-type=\"widget\" data-widget_type=\"heading.default\">\n\t\t\t\t<div class=\"elementor-widget-container\">\n\t\t\t\t\t<h1 class=\"elementor-heading-title elementor-size-default\">Pol\u00edtica de Privacidad<\/h1>\t\t\t\t<\/div>\n\t\t\t\t<\/div>\n\t\t\t\t\t<\/div>\n\t\t\t\t<\/div>\n\t\t<div class=\"elementor-element elementor-element-4ee94fd e-flex e-con-boxed e-con e-parent\" data-id=\"4ee94fd\" data-element_type=\"container\" data-e-type=\"container\">\n\t\t\t\t\t<div class=\"e-con-inner\">\n\t\t\t\t<div class=\"elementor-element elementor-element-83d85e5 elementor-widget elementor-widget-text-editor\" data-id=\"83d85e5\" data-element_type=\"widget\" data-e-type=\"widget\" data-widget_type=\"text-editor.default\">\n\t\t\t\t<div class=\"elementor-widget-container\">\n\t\t\t\t\t\t\t\t\t<h3>Pol\u00edtica de Privacidad de NDQuiromasajista<\/h3><p><strong>\u00daltima actualizaci\u00f3n: 4 de noviembre de 2024<\/strong><\/p><p>En NDQuiromasajista, valoramos tu privacidad y estamos comprometidos a proteger tus datos personales. Esta pol\u00edtica describe c\u00f3mo recopilamos, utilizamos y protegemos tu informaci\u00f3n.<\/p><h4>1. <strong>Informaci\u00f3n que recopilamos<\/strong><\/h4><p>Recopilamos la siguiente informaci\u00f3n personal:<\/p><ul><li>Nombre<\/li><li>Correo electr\u00f3nico<\/li><li>Tel\u00e9fono<\/li><li>Datos de pago<\/li><\/ul><h4>2. <strong>M\u00e9todos de recopilaci\u00f3n<\/strong><\/h4><p>Recopilamos tus datos personales a trav\u00e9s de formularios en nuestro sitio web.<\/p><h4>3. <strong>Uso de la informaci\u00f3n<\/strong><\/h4><p>Utilizamos la informaci\u00f3n recopilada para:<\/p><ul><li>Gestionar tus reservas.<\/li><li>Proporcionar atenci\u00f3n al cliente.<\/li><\/ul><h4>4. <strong>Compartir informaci\u00f3n<\/strong><\/h4><p>Podemos compartir tu informaci\u00f3n personal con terceros en las siguientes circunstancias:<\/p><ul><li><strong>Procesamiento de pagos<\/strong>: Compartimos informaci\u00f3n con Stripe para gestionar las transacciones de pago.<\/li><li><strong>An\u00e1lisis de datos<\/strong>: Utilizamos Google Analytics a trav\u00e9s de Site Kit para analizar el uso de nuestro sitio web, lo que implica compartir datos de uso con Google.<\/li><\/ul><h4>5. <strong>Cookies<\/strong><\/h4><p>Utilizamos cookies en nuestro sitio web para mejorar la experiencia del usuario. Las cookies pueden ser utilizadas para:<\/p><ul><li>Gestionar sesiones de usuarios.<\/li><li>Realizar un seguimiento del uso del sitio web mediante Google Analytics.<\/li><\/ul><p>Puedes administrar tus preferencias de cookies a trav\u00e9s de la configuraci\u00f3n de tu navegador. Para m\u00e1s informaci\u00f3n sobre c\u00f3mo desactivar las cookies, visita <a href=\"http:\/\/www.aboutcookies.org\" target=\"_new\" rel=\"noopener nofollow\">aboutcookies.org<\/a>.<\/p><h4>6. <strong>Seguridad de la informaci\u00f3n<\/strong><\/h4><p>Implementamos medidas de seguridad razonables para proteger tus datos personales, pero ten en cuenta que ninguna transmisi\u00f3n de datos por Internet es completamente segura.<\/p><h4>7. <strong>Derechos de los usuarios<\/strong><\/h4><p>Actualmente, no ofrecemos un mecanismo para que los usuarios accedan a sus datos personales, pero si tienes alguna pregunta, puedes contactarnos directamente.<\/p><h4>8. <strong>Cambios en la pol\u00edtica<\/strong><\/h4><p>Nos reservamos el derecho de modificar esta pol\u00edtica de privacidad. Cualquier cambio ser\u00e1 notificado a trav\u00e9s de nuestro sitio web.<\/p><h4>9. <strong>Contacto<\/strong><\/h4><p>Si tienes preguntas sobre esta pol\u00edtica, cont\u00e1ctanos en:<br \/><strong>Correo electr\u00f3nico<\/strong>: <a rel=\"noopener\">ndquiromasajista@gmail.com<\/a><\/p>\t\t\t\t\t\t\t\t<\/div>\n\t\t\t\t<\/div>\n\t\t\t\t\t<\/div>\n\t\t\t\t<\/div>\n\t\t\t\t<\/div>","protected":false},"excerpt":{"rendered":"<p>Pol\u00edtica de Privacidad Pol\u00edtica de Privacidad de NDQuiromasajista \u00daltima actualizaci\u00f3n: 4 de noviembre de 2024 En NDQuiromasajista, valoramos tu privacidad y estamos comprometidos a proteger tus datos personales. Esta pol\u00edtica describe c\u00f3mo recopilamos, utilizamos y protegemos tu informaci\u00f3n. 1. Informaci\u00f3n que recopilamos Recopilamos la siguiente informaci\u00f3n personal: Nombre Correo electr\u00f3nico Tel\u00e9fono Datos de pago 2. [&hellip;]<\/p>\n","protected":false},"author":2,"featured_media":0,"parent":0,"menu_order":0,"comment_status":"closed","ping_status":"closed","template":"","meta":{"footnotes":""},"class_list":["post-421","page","type-page","status-publish","hentry"],"_links":{"self":[{"href":"https:\/\/ndquiromasajista.com\/en\/wp-json\/wp\/v2\/pages\/421","targetHints":{"allow":["GET"]}}],"collection":[{"href":"https:\/\/ndquiromasajista.com\/en\/wp-json\/wp\/v2\/pages"}],"about":[{"href":"https:\/\/ndquiromasajista.com\/en\/wp-json\/wp\/v2\/types\/page"}],"author":[{"embeddable":true,"href":"https:\/\/ndquiromasajista.com\/en\/wp-json\/wp\/v2\/users\/2"}],"replies":[{"embeddable":true,"href":"https:\/\/ndquiromasajista.com\/en\/wp-json\/wp\/v2\/comments?post=421"}],"version-history":[{"count":4,"href":"https:\/\/ndquiromasajista.com\/en\/wp-json\/wp\/v2\/pages\/421\/revisions"}],"predecessor-version":[{"id":859,"href":"https:\/\/ndquiromasajista.com\/en\/wp-json\/wp\/v2\/pages\/421\/revisions\/859"}],"wp:attachment":[{"href":"https:\/\/ndquiromasajista.com\/en\/wp-json\/wp\/v2\/media?parent=421"}],"curies":[{"name":"wp","href":"https:\/\/api.w.org\/{rel}","templated":true}]}}