{"id":860,"date":"2024-11-04T09:45:24","date_gmt":"2024-11-04T09:45:24","guid":{"rendered":"https:\/\/ndquiromasajista.com\/?page_id=860"},"modified":"2024-11-04T10:15:40","modified_gmt":"2024-11-04T10:15:40","slug":"cookies","status":"publish","type":"page","link":"https:\/\/ndquiromasajista.com\/en\/cookies\/","title":{"rendered":"Cookies"},"content":{"rendered":"<div data-elementor-type=\"wp-page\" data-elementor-id=\"860\" class=\"elementor elementor-860\" data-elementor-post-type=\"page\">\n\t\t\t\t<div class=\"elementor-element elementor-element-3de0a333 e-flex e-con-boxed e-con e-parent\" data-id=\"3de0a333\" data-element_type=\"container\" data-e-type=\"container\" data-settings=\"{&quot;background_background&quot;:&quot;classic&quot;}\">\n\t\t\t\t\t<div class=\"e-con-inner\">\n\t\t\t\t<div class=\"elementor-element elementor-element-3cb76a02 elementor-widget__width-initial elementor-widget elementor-widget-heading\" data-id=\"3cb76a02\" data-element_type=\"widget\" data-e-type=\"widget\" data-widget_type=\"heading.default\">\n\t\t\t\t<div class=\"elementor-widget-container\">\n\t\t\t\t\t<h1 class=\"elementor-heading-title elementor-size-default\">Cookies<\/h1>\t\t\t\t<\/div>\n\t\t\t\t<\/div>\n\t\t\t\t\t<\/div>\n\t\t\t\t<\/div>\n\t\t<div class=\"elementor-element elementor-element-4ee94fd e-flex e-con-boxed e-con e-parent\" data-id=\"4ee94fd\" data-element_type=\"container\" data-e-type=\"container\">\n\t\t\t\t\t<div class=\"e-con-inner\">\n\t\t\t\t<div class=\"elementor-element elementor-element-83d85e5 elementor-widget elementor-widget-text-editor\" data-id=\"83d85e5\" data-element_type=\"widget\" data-e-type=\"widget\" data-widget_type=\"text-editor.default\">\n\t\t\t\t<div class=\"elementor-widget-container\">\n\t\t\t\t\t\t\t\t\t<h3>Pol\u00edtica de Cookies de NDQuiromasajista<\/h3><p><strong>\u00daltima actualizaci\u00f3n: 4 de noviembre de 2024<\/strong><\/p><p>En NDQuiromasajista, utilizamos cookies y tecnolog\u00edas similares para mejorar la experiencia de nuestros usuarios, analizar el tr\u00e1fico y personalizar contenido. Esta pol\u00edtica explica qu\u00e9 son las cookies, c\u00f3mo las utilizamos y c\u00f3mo puedes gestionarlas.<\/p><h4>1. <strong>\u00bfQu\u00e9 son las cookies?<\/strong><\/h4><p>Las cookies son peque\u00f1os archivos de texto que se almacenan en tu dispositivo (ordenador, tablet o m\u00f3vil) cuando visitas un sitio web. Las cookies permiten que el sitio web reconozca tu dispositivo y almacene cierta informaci\u00f3n sobre tus preferencias o acciones.<\/p><h4>2. <strong>Tipos de cookies que utilizamos<\/strong><\/h4><ul><li><p><strong>Cookies esenciales<\/strong>: Estas cookies son necesarias para que el sitio web funcione correctamente y no pueden ser desactivadas en nuestros sistemas. Generalmente se establecen en respuesta a acciones realizadas por ti, como la configuraci\u00f3n de tus preferencias de privacidad, iniciar sesi\u00f3n o completar formularios.<\/p><\/li><li><p><strong>Cookies de rendimiento<\/strong>: Estas cookies nos permiten contar las visitas y las fuentes de tr\u00e1fico, lo que nos ayuda a medir y mejorar el rendimiento de nuestro sitio. Nos permiten saber qu\u00e9 p\u00e1ginas son las m\u00e1s y menos populares y ver c\u00f3mo los visitantes navegan por el sitio.<\/p><\/li><li><p><strong>Cookies de an\u00e1lisis<\/strong>: Utilizamos herramientas como Google Analytics para analizar el comportamiento de los usuarios en nuestro sitio. Esto nos ayuda a mejorar nuestra oferta y personalizar la experiencia del usuario.<\/p><\/li><\/ul><h4>3. <strong>C\u00f3mo gestionamos las cookies<\/strong><\/h4><p>Puedes gestionar tus preferencias de cookies a trav\u00e9s de la configuraci\u00f3n de tu navegador. La mayor\u00eda de los navegadores permiten el control sobre las cookies a trav\u00e9s de sus ajustes de configuraci\u00f3n. Puedes configurar tu navegador para que te notifique cuando recibas una cookie o para que no las aceptes.<\/p><p>Aqu\u00ed tienes algunos enlaces a instrucciones sobre c\u00f3mo gestionar cookies en los navegadores m\u00e1s comunes:<\/p><ul><li><a target=\"_new\" rel=\"noopener\">Google Chrome<\/a><\/li><li><a href=\"https:\/\/support.mozilla.org\/en-US\/kb\/enable-and-disable-cookies-website-preferences\" target=\"_new\" rel=\"noopener nofollow\">Mozilla Firefox<\/a><\/li><li><a href=\"https:\/\/support.microsoft.com\/en-us\/help\/4468242\/microsoft-edge-browsing-data-and-privacy\" target=\"_new\" rel=\"noopener nofollow\">Microsoft Edge<\/a><\/li><li><a href=\"https:\/\/support.apple.com\/en-us\/HT201265\" target=\"_new\" rel=\"noopener nofollow\">Safari<\/a><\/li><\/ul><h4>4. <strong>M\u00e1s informaci\u00f3n sobre cookies<\/strong><\/h4><p>Para m\u00e1s informaci\u00f3n sobre qu\u00e9 son las cookies, c\u00f3mo se utilizan y c\u00f3mo gestionarlas, visita <a href=\"http:\/\/www.aboutcookies.org\" target=\"_new\" rel=\"noopener nofollow\">aboutcookies.org<\/a>.<\/p><h4>5. <strong>Consentimiento<\/strong><\/h4><p>Al utilizar nuestro sitio web, aceptas el uso de cookies de acuerdo con esta pol\u00edtica. Si no est\u00e1s de acuerdo, te recomendamos que configures tu navegador para que no acepte cookies o que no utilices nuestro sitio.<\/p><h4>6. <strong>Cambios en esta pol\u00edtica<\/strong><\/h4><p>Nos reservamos el derecho a modificar esta pol\u00edtica de cookies en cualquier momento. Te recomendamos que revises esta pol\u00edtica peri\u00f3dicamente para estar informado sobre cualquier cambio.<\/p>\t\t\t\t\t\t\t\t<\/div>\n\t\t\t\t<\/div>\n\t\t\t\t\t<\/div>\n\t\t\t\t<\/div>\n\t\t\t\t<\/div>","protected":false},"excerpt":{"rendered":"<p>Cookies Pol\u00edtica de Cookies de NDQuiromasajista \u00daltima actualizaci\u00f3n: 4 de noviembre de 2024 En NDQuiromasajista, utilizamos cookies y tecnolog\u00edas similares para mejorar la experiencia de nuestros usuarios, analizar el tr\u00e1fico y personalizar contenido. Esta pol\u00edtica explica qu\u00e9 son las cookies, c\u00f3mo las utilizamos y c\u00f3mo puedes gestionarlas. 1. \u00bfQu\u00e9 son las cookies? Las cookies son [&hellip;]<\/p>\n","protected":false},"author":2,"featured_media":0,"parent":0,"menu_order":0,"comment_status":"closed","ping_status":"closed","template":"","meta":{"footnotes":""},"class_list":["post-860","page","type-page","status-publish","hentry"],"_links":{"self":[{"href":"https:\/\/ndquiromasajista.com\/en\/wp-json\/wp\/v2\/pages\/860","targetHints":{"allow":["GET"]}}],"collection":[{"href":"https:\/\/ndquiromasajista.com\/en\/wp-json\/wp\/v2\/pages"}],"about":[{"href":"https:\/\/ndquiromasajista.com\/en\/wp-json\/wp\/v2\/types\/page"}],"author":[{"embeddable":true,"href":"https:\/\/ndquiromasajista.com\/en\/wp-json\/wp\/v2\/users\/2"}],"replies":[{"embeddable":true,"href":"https:\/\/ndquiromasajista.com\/en\/wp-json\/wp\/v2\/comments?post=860"}],"version-history":[{"count":4,"href":"https:\/\/ndquiromasajista.com\/en\/wp-json\/wp\/v2\/pages\/860\/revisions"}],"predecessor-version":[{"id":871,"href":"https:\/\/ndquiromasajista.com\/en\/wp-json\/wp\/v2\/pages\/860\/revisions\/871"}],"wp:attachment":[{"href":"https:\/\/ndquiromasajista.com\/en\/wp-json\/wp\/v2\/media?parent=860"}],"curies":[{"name":"wp","href":"https:\/\/api.w.org\/{rel}","templated":true}]}}